{"id":1258,"date":"2019-09-06T16:03:27","date_gmt":"2019-09-06T14:03:27","guid":{"rendered":"https:\/\/notariafarres.com\/privacy-policy\/"},"modified":"2023-10-24T22:05:34","modified_gmt":"2023-10-24T20:05:34","slug":"privacy-policy","status":"publish","type":"page","link":"https:\/\/notariafarres.com\/en\/privacy-policy\/","title":{"rendered":"Privacy Policy"},"content":{"rendered":"\t\t<div data-elementor-type=\"wp-post\" data-elementor-id=\"1258\" class=\"elementor elementor-1258 elementor-3\" data-elementor-post-type=\"page\">\n\t\t\t\t\t\t<section class=\"elementor-section elementor-top-section elementor-element elementor-element-3756219d elementor-section-stretched elementor-section-boxed elementor-section-height-default elementor-section-height-default\" data-id=\"3756219d\" data-element_type=\"section\" data-e-type=\"section\" data-settings=\"{&quot;stretch_section&quot;:&quot;section-stretched&quot;}\">\n\t\t\t\t\t\t<div class=\"elementor-container elementor-column-gap-default\">\n\t\t\t\t\t<div class=\"elementor-column elementor-col-100 elementor-top-column elementor-element elementor-element-30442d0\" data-id=\"30442d0\" data-element_type=\"column\" data-e-type=\"column\">\n\t\t\t<div class=\"elementor-widget-wrap elementor-element-populated\">\n\t\t\t\t\t\t<div class=\"elementor-element elementor-element-7d3917f4 elementor-widget elementor-widget-text-editor\" data-id=\"7d3917f4\" data-element_type=\"widget\" data-e-type=\"widget\" data-widget_type=\"text-editor.default\">\n\t\t\t\t<div class=\"elementor-widget-container\">\n\t\t\t\t\t\t\t\t\t\n<h1>Privacy Policy<\/h1>\n<h2>Who we are<\/h2>\n<p>Our website address is: https:\/\/notariafarres.com<\/p>\n<h2><br \/>What personal data do we collect and why do we collect it?<\/h2>\n<p><br \/>Comments<br \/>When visitors leave comments on the site, we collect the data displayed in the comment form, as well as the visitor&#8217;s IP address and browser user agent string to aid spam detection.<\/p>\n<p><br \/>An anonymous string created from your email address (also called a hash) may be provided to the Gravatar service to see if you are using it. The privacy policy for the Gravatar service is available here: https:\/\/automattic.com\/privacy\/. After approval of your comment, your profile image is visible to the public in the context of your comment.<\/p>\n<p><br \/>Media<br \/>If you upload images to the site you should avoid uploading images with location data (GPS EXIF) included. Visitors to the website can download and extract any location data from the images on the website.<\/p>\n<p><br \/>Contact forms<br \/>Cookies<br \/>If you leave a comment on our site you can choose to save your name, email address and website in cookies. This is for your convenience, so you don&#8217;t have to fill in your details again when you leave another comment. These cookies will last for one year.<\/p>\n<p><br \/>If you have an account and log in to this site, we will set a temporary cookie to determine if your browser accepts cookies. This cookie contains no personal data and is deleted when you close your browser.<\/p>\n<p>\u00a0<\/p>\n<p><br \/>When you log in, we will also set several cookies to store your login information and screen display options. The login cookies last for two days, and the display options cookies last for one year. If you select &#8220;Remember me&#8221;, your login will last for two weeks. If you log out of your account, your login cookies will be deleted.<\/p>\n<p><br \/>If you edit or publish an article, an additional cookie will be saved in your browser. This cookie does not include personal data and simply indicates the ID of the article you have just edited. It expires after 1 day.<\/p>\n<p><br \/>Embedded content from other websites<br \/>Articles on this site may include embedded content (e.g., videos, images, articles, etc.). Embedded content from other websites behaves in exactly the same way as if the visitor had visited the other website.<\/p>\n<p><br \/>These sites may collect data about you, use cookies, embed additional third-party tracking, and monitor your interaction with that embedded content, including tracking your interaction with the embedded content if you have an account and are logged into that site.<\/p>\n<p><br \/>Analytics<br \/>Who we share your data with<br \/>How long we keep your data<br \/>If you leave a comment, the comment and its metadata are retained indefinitely. This is so that we can recognize and approve successive comments automatically rather than keeping them in a moderation queue.<\/p>\n<p><br \/>For users who register on our site (if any), we also store the personal information they provide in their user profile. All users can view, edit or delete their personal information at any time (except that they cannot change their user name). Site administrators can also view and edit that information.<\/p>\n<p>\u00a0<\/p>\n<h2><br \/>What rights do you have over your data<\/h2>\n<p>If you have an account or have left comments on this website, you may request to receive an export file of the personal data we hold about you, including any data you have provided to us. You may also request that we delete any personal data we hold about you. This does not include any data that we are required to retain for administrative, legal or security purposes.<\/p>\n<h2><br \/>Where we send your data<\/h2>\n<p>Visitor comments may be reviewed by an automated spam detection service.<\/p>\n<p><br \/>Your contact information<br \/>Your additional information<br \/>How we protect your information<br \/>What procedures do we use against data breaches?<br \/>What third parties we receive data from<br \/>What kind of automated decision making and\/or profiling we do with user data<br \/>Industry regulatory disclosure requirements<\/p>\n\t\t\t\t\t\t\t\t<\/div>\n\t\t\t\t<\/div>\n\t\t\t\t\t<\/div>\n\t\t<\/div>\n\t\t\t\t\t<\/div>\n\t\t<\/section>\n\t\t\t\t<\/div>\n\t\t","protected":false},"excerpt":{"rendered":"<p>Privacy Policy Who we are Our website address is: https:\/\/notariafarres.com What personal data do we collect and why do we collect it? Comments When visitors leave comments on the site, we collect the data displayed in the comment form, as&#8230;<\/p>\n","protected":false},"author":1,"featured_media":0,"parent":0,"menu_order":0,"comment_status":"closed","ping_status":"open","template":"elementor_header_footer","meta":{"footnotes":""},"class_list":["post-1258","page","type-page","status-publish","hentry"],"yoast_head":"<!-- This site is optimized with the Yoast SEO plugin v27.6 - https:\/\/yoast.com\/product\/yoast-seo-wordpress\/ -->\n<title>Privacy Policy | Notar\u00eda Farr\u00e9s Ripoll<\/title>\n<meta name=\"description\" content=\"At Farr\u00e9s Ripoll we take your privacy seriously. Read our privacy policy to learn how we protect your data and respect your privacy.\" \/>\n<meta name=\"robots\" content=\"index, follow, max-snippet:-1, max-image-preview:large, max-video-preview:-1\" \/>\n<link rel=\"canonical\" href=\"https:\/\/notariafarres.com\/en\/privacy-policy\/\" \/>\n<meta property=\"og:locale\" content=\"en_US\" \/>\n<meta property=\"og:type\" content=\"article\" \/>\n<meta property=\"og:title\" content=\"Privacy Policy | Notar\u00eda Farr\u00e9s Ripoll\" \/>\n<meta property=\"og:description\" content=\"At Farr\u00e9s Ripoll we take your privacy seriously. Read our privacy policy to learn how we protect your data and respect your privacy.\" \/>\n<meta property=\"og:url\" content=\"https:\/\/notariafarres.com\/en\/privacy-policy\/\" \/>\n<meta property=\"og:site_name\" content=\"Notar\u00eda Farr\u00e9s Ripoll\" \/>\n<meta property=\"article:modified_time\" content=\"2023-10-24T20:05:34+00:00\" \/>\n<meta property=\"og:image\" content=\"https:\/\/notariafarres.com\/wp-content\/uploads\/2021\/02\/cropped-Diseno-sin-titulo-27.png\" \/>\n\t<meta property=\"og:image:width\" content=\"512\" \/>\n\t<meta property=\"og:image:height\" content=\"512\" \/>\n\t<meta property=\"og:image:type\" content=\"image\/png\" \/>\n<meta name=\"twitter:card\" content=\"summary_large_image\" \/>\n<script type=\"application\/ld+json\" class=\"yoast-schema-graph\">{\"@context\":\"https:\\\/\\\/schema.org\",\"@graph\":[{\"@type\":\"Article\",\"@id\":\"https:\\\/\\\/notariafarres.com\\\/en\\\/privacy-policy\\\/#article\",\"isPartOf\":{\"@id\":\"https:\\\/\\\/notariafarres.com\\\/en\\\/privacy-policy\\\/\"},\"author\":{\"name\":\"janira\",\"@id\":\"https:\\\/\\\/notariafarres.com\\\/en\\\/#\\\/schema\\\/person\\\/35ccb25397404797718cede4e3257ed9\"},\"headline\":\"Privacy Policy\",\"datePublished\":\"2019-09-06T14:03:27+00:00\",\"dateModified\":\"2023-10-24T20:05:34+00:00\",\"mainEntityOfPage\":{\"@id\":\"https:\\\/\\\/notariafarres.com\\\/en\\\/privacy-policy\\\/\"},\"wordCount\":656,\"publisher\":{\"@id\":\"https:\\\/\\\/notariafarres.com\\\/en\\\/#organization\"},\"inLanguage\":\"en-US\"},{\"@type\":\"WebPage\",\"@id\":\"https:\\\/\\\/notariafarres.com\\\/en\\\/privacy-policy\\\/\",\"url\":\"https:\\\/\\\/notariafarres.com\\\/en\\\/privacy-policy\\\/\",\"name\":\"Privacy Policy | Notar\u00eda Farr\u00e9s Ripoll\",\"isPartOf\":{\"@id\":\"https:\\\/\\\/notariafarres.com\\\/en\\\/#website\"},\"datePublished\":\"2019-09-06T14:03:27+00:00\",\"dateModified\":\"2023-10-24T20:05:34+00:00\",\"description\":\"At Farr\u00e9s Ripoll we take your privacy seriously. Read our privacy policy to learn how we protect your data and respect your privacy.\",\"breadcrumb\":{\"@id\":\"https:\\\/\\\/notariafarres.com\\\/en\\\/privacy-policy\\\/#breadcrumb\"},\"inLanguage\":\"en-US\",\"potentialAction\":[{\"@type\":\"ReadAction\",\"target\":[\"https:\\\/\\\/notariafarres.com\\\/en\\\/privacy-policy\\\/\"]}]},{\"@type\":\"BreadcrumbList\",\"@id\":\"https:\\\/\\\/notariafarres.com\\\/en\\\/privacy-policy\\\/#breadcrumb\",\"itemListElement\":[{\"@type\":\"ListItem\",\"position\":1,\"name\":\"Portada\",\"item\":\"https:\\\/\\\/notariafarres.com\\\/en\\\/\"},{\"@type\":\"ListItem\",\"position\":2,\"name\":\"Privacy Policy\"}]},{\"@type\":\"WebSite\",\"@id\":\"https:\\\/\\\/notariafarres.com\\\/en\\\/#website\",\"url\":\"https:\\\/\\\/notariafarres.com\\\/en\\\/\",\"name\":\"Notar\u00eda Farr\u00e9s Ripoll, Via Augusta, Barcelona\",\"description\":\"Notar\u00eda Barcelona. Notar\u00eda Farr\u00e9s Ripoll ubicada en V\u00eda Augusta 13 de Barcelona.\",\"publisher\":{\"@id\":\"https:\\\/\\\/notariafarres.com\\\/en\\\/#organization\"},\"potentialAction\":[{\"@type\":\"SearchAction\",\"target\":{\"@type\":\"EntryPoint\",\"urlTemplate\":\"https:\\\/\\\/notariafarres.com\\\/en\\\/?s={search_term_string}\"},\"query-input\":{\"@type\":\"PropertyValueSpecification\",\"valueRequired\":true,\"valueName\":\"search_term_string\"}}],\"inLanguage\":\"en-US\"},{\"@type\":\"Organization\",\"@id\":\"https:\\\/\\\/notariafarres.com\\\/en\\\/#organization\",\"name\":\"Notar\u00eda Farr\u00e9s Ripoll, Via Augusta, Barcelona\",\"url\":\"https:\\\/\\\/notariafarres.com\\\/en\\\/\",\"logo\":{\"@type\":\"ImageObject\",\"inLanguage\":\"en-US\",\"@id\":\"https:\\\/\\\/notariafarres.com\\\/en\\\/#\\\/schema\\\/logo\\\/image\\\/\",\"url\":\"https:\\\/\\\/notariafarres.com\\\/wp-content\\\/uploads\\\/2021\\\/02\\\/cropped-Diseno-sin-titulo-27.png\",\"contentUrl\":\"https:\\\/\\\/notariafarres.com\\\/wp-content\\\/uploads\\\/2021\\\/02\\\/cropped-Diseno-sin-titulo-27.png\",\"width\":512,\"height\":512,\"caption\":\"Notar\u00eda Farr\u00e9s Ripoll, Via Augusta, Barcelona\"},\"image\":{\"@id\":\"https:\\\/\\\/notariafarres.com\\\/en\\\/#\\\/schema\\\/logo\\\/image\\\/\"}},{\"@type\":\"Person\",\"@id\":\"https:\\\/\\\/notariafarres.com\\\/en\\\/#\\\/schema\\\/person\\\/35ccb25397404797718cede4e3257ed9\",\"name\":\"janira\",\"image\":{\"@type\":\"ImageObject\",\"inLanguage\":\"en-US\",\"@id\":\"https:\\\/\\\/secure.gravatar.com\\\/avatar\\\/7105957088bd34194e004a1a1e85c9b9c37682463c31087d8e9ad1b8f8b01038?s=96&d=mm&r=g\",\"url\":\"https:\\\/\\\/secure.gravatar.com\\\/avatar\\\/7105957088bd34194e004a1a1e85c9b9c37682463c31087d8e9ad1b8f8b01038?s=96&d=mm&r=g\",\"contentUrl\":\"https:\\\/\\\/secure.gravatar.com\\\/avatar\\\/7105957088bd34194e004a1a1e85c9b9c37682463c31087d8e9ad1b8f8b01038?s=96&d=mm&r=g\",\"caption\":\"janira\"}}]}<\/script>\n<!-- \/ Yoast SEO plugin. -->","yoast_head_json":{"title":"Privacy Policy | Notar\u00eda Farr\u00e9s Ripoll","description":"At Farr\u00e9s Ripoll we take your privacy seriously. Read our privacy policy to learn how we protect your data and respect your privacy.","robots":{"index":"index","follow":"follow","max-snippet":"max-snippet:-1","max-image-preview":"max-image-preview:large","max-video-preview":"max-video-preview:-1"},"canonical":"https:\/\/notariafarres.com\/en\/privacy-policy\/","og_locale":"en_US","og_type":"article","og_title":"Privacy Policy | Notar\u00eda Farr\u00e9s Ripoll","og_description":"At Farr\u00e9s Ripoll we take your privacy seriously. Read our privacy policy to learn how we protect your data and respect your privacy.","og_url":"https:\/\/notariafarres.com\/en\/privacy-policy\/","og_site_name":"Notar\u00eda Farr\u00e9s Ripoll","article_modified_time":"2023-10-24T20:05:34+00:00","og_image":[{"width":512,"height":512,"url":"https:\/\/notariafarres.com\/wp-content\/uploads\/2021\/02\/cropped-Diseno-sin-titulo-27.png","type":"image\/png"}],"twitter_card":"summary_large_image","schema":{"@context":"https:\/\/schema.org","@graph":[{"@type":"Article","@id":"https:\/\/notariafarres.com\/en\/privacy-policy\/#article","isPartOf":{"@id":"https:\/\/notariafarres.com\/en\/privacy-policy\/"},"author":{"name":"janira","@id":"https:\/\/notariafarres.com\/en\/#\/schema\/person\/35ccb25397404797718cede4e3257ed9"},"headline":"Privacy Policy","datePublished":"2019-09-06T14:03:27+00:00","dateModified":"2023-10-24T20:05:34+00:00","mainEntityOfPage":{"@id":"https:\/\/notariafarres.com\/en\/privacy-policy\/"},"wordCount":656,"publisher":{"@id":"https:\/\/notariafarres.com\/en\/#organization"},"inLanguage":"en-US"},{"@type":"WebPage","@id":"https:\/\/notariafarres.com\/en\/privacy-policy\/","url":"https:\/\/notariafarres.com\/en\/privacy-policy\/","name":"Privacy Policy | Notar\u00eda Farr\u00e9s Ripoll","isPartOf":{"@id":"https:\/\/notariafarres.com\/en\/#website"},"datePublished":"2019-09-06T14:03:27+00:00","dateModified":"2023-10-24T20:05:34+00:00","description":"At Farr\u00e9s Ripoll we take your privacy seriously. Read our privacy policy to learn how we protect your data and respect your privacy.","breadcrumb":{"@id":"https:\/\/notariafarres.com\/en\/privacy-policy\/#breadcrumb"},"inLanguage":"en-US","potentialAction":[{"@type":"ReadAction","target":["https:\/\/notariafarres.com\/en\/privacy-policy\/"]}]},{"@type":"BreadcrumbList","@id":"https:\/\/notariafarres.com\/en\/privacy-policy\/#breadcrumb","itemListElement":[{"@type":"ListItem","position":1,"name":"Portada","item":"https:\/\/notariafarres.com\/en\/"},{"@type":"ListItem","position":2,"name":"Privacy Policy"}]},{"@type":"WebSite","@id":"https:\/\/notariafarres.com\/en\/#website","url":"https:\/\/notariafarres.com\/en\/","name":"Notar\u00eda Farr\u00e9s Ripoll, Via Augusta, Barcelona","description":"Notar\u00eda Barcelona. Notar\u00eda Farr\u00e9s Ripoll ubicada en V\u00eda Augusta 13 de Barcelona.","publisher":{"@id":"https:\/\/notariafarres.com\/en\/#organization"},"potentialAction":[{"@type":"SearchAction","target":{"@type":"EntryPoint","urlTemplate":"https:\/\/notariafarres.com\/en\/?s={search_term_string}"},"query-input":{"@type":"PropertyValueSpecification","valueRequired":true,"valueName":"search_term_string"}}],"inLanguage":"en-US"},{"@type":"Organization","@id":"https:\/\/notariafarres.com\/en\/#organization","name":"Notar\u00eda Farr\u00e9s Ripoll, Via Augusta, Barcelona","url":"https:\/\/notariafarres.com\/en\/","logo":{"@type":"ImageObject","inLanguage":"en-US","@id":"https:\/\/notariafarres.com\/en\/#\/schema\/logo\/image\/","url":"https:\/\/notariafarres.com\/wp-content\/uploads\/2021\/02\/cropped-Diseno-sin-titulo-27.png","contentUrl":"https:\/\/notariafarres.com\/wp-content\/uploads\/2021\/02\/cropped-Diseno-sin-titulo-27.png","width":512,"height":512,"caption":"Notar\u00eda Farr\u00e9s Ripoll, Via Augusta, Barcelona"},"image":{"@id":"https:\/\/notariafarres.com\/en\/#\/schema\/logo\/image\/"}},{"@type":"Person","@id":"https:\/\/notariafarres.com\/en\/#\/schema\/person\/35ccb25397404797718cede4e3257ed9","name":"janira","image":{"@type":"ImageObject","inLanguage":"en-US","@id":"https:\/\/secure.gravatar.com\/avatar\/7105957088bd34194e004a1a1e85c9b9c37682463c31087d8e9ad1b8f8b01038?s=96&d=mm&r=g","url":"https:\/\/secure.gravatar.com\/avatar\/7105957088bd34194e004a1a1e85c9b9c37682463c31087d8e9ad1b8f8b01038?s=96&d=mm&r=g","contentUrl":"https:\/\/secure.gravatar.com\/avatar\/7105957088bd34194e004a1a1e85c9b9c37682463c31087d8e9ad1b8f8b01038?s=96&d=mm&r=g","caption":"janira"}}]}},"_links":{"self":[{"href":"https:\/\/notariafarres.com\/en\/wp-json\/wp\/v2\/pages\/1258","targetHints":{"allow":["GET"]}}],"collection":[{"href":"https:\/\/notariafarres.com\/en\/wp-json\/wp\/v2\/pages"}],"about":[{"href":"https:\/\/notariafarres.com\/en\/wp-json\/wp\/v2\/types\/page"}],"author":[{"embeddable":true,"href":"https:\/\/notariafarres.com\/en\/wp-json\/wp\/v2\/users\/1"}],"replies":[{"embeddable":true,"href":"https:\/\/notariafarres.com\/en\/wp-json\/wp\/v2\/comments?post=1258"}],"version-history":[{"count":0,"href":"https:\/\/notariafarres.com\/en\/wp-json\/wp\/v2\/pages\/1258\/revisions"}],"wp:attachment":[{"href":"https:\/\/notariafarres.com\/en\/wp-json\/wp\/v2\/media?parent=1258"}],"curies":[{"name":"wp","href":"https:\/\/api.w.org\/{rel}","templated":true}]}}